{"id":5,"date":"2019-03-06T11:56:40","date_gmt":"2019-03-06T11:56:40","guid":{"rendered":"https:\/\/colibriwp-work.colibriwp.com\/business-ii\/colibri-wp\/"},"modified":"2025-11-08T20:20:31","modified_gmt":"2025-11-08T19:20:31","slug":"colibri-wp","status":"publish","type":"page","link":"https:\/\/mbccouture.fr\/","title":{"rendered":"Home page"},"content":{"rendered":"<div data-colibri-id=\"5-c1\" class=\"style-395 style-local-5-c1 position-relative\">\n  <!---->\n  <div data-colibri-component=\"section\" data-colibri-id=\"5-c2\" id=\"about-2\" class=\"h-section h-section-global-spacing d-flex align-items-lg-center align-items-md-center align-items-center style-1003 style-local-5-c2 position-relative\">\n    <!---->\n    <!---->\n    <div class=\"h-section-grid-container h-section-boxed-container\">\n      <!---->\n      <div data-colibri-id=\"5-c3\" class=\"h-row-container gutters-row-lg-2 gutters-row-md-2 gutters-row-0 gutters-row-v-lg-2 gutters-row-v-md-2 gutters-row-v-2 style-1004 style-local-5-c3 position-relative\">\n        <!---->\n        <div class=\"h-row justify-content-lg-center justify-content-md-center justify-content-center align-items-lg-stretch align-items-md-stretch align-items-stretch gutters-col-lg-2 gutters-col-md-2 gutters-col-0 gutters-col-v-lg-2 gutters-col-v-md-2 gutters-col-v-2\">\n          <!---->\n          <div class=\"h-column h-column-container d-flex h-col-lg-auto h-col-md-auto h-col-auto style-1005-outer style-local-5-c4-outer\">\n            <div data-colibri-id=\"5-c4\" class=\"d-flex h-flex-basis h-column__inner h-px-lg-2 h-px-md-2 h-px-2 v-inner-lg-2 v-inner-md-2 v-inner-2 style-1005 style-local-5-c4 position-relative\">\n              <!---->\n              <!---->\n              <div class=\"w-100 h-y-container h-column__content h-column__v-align flex-basis-100 align-self-lg-center align-self-md-center align-self-center\">\n                <!---->\n                <div data-colibri-id=\"5-c5\" class=\"h-global-transition-all h-heading style-1970 style-local-5-c5 position-relative h-element\">\n                  <!---->\n                  <div class=\"h-heading__outer style-1970 style-local-5-c5\">\n                    <!---->\n                    <!---->\n                    <h6 class=\"\">Les collections<\/h6>\n                  <\/div>\n                <\/div>\n                <div data-colibri-id=\"5-c6\" class=\"h-text h-text-component style-1874 style-local-5-c6 position-relative h-element\">\n                  <!---->\n                  <!---->\n                  <div class=\"\">\n                    <p>D\u00e9couvrez mes collections et \u00e9laborons ensemble, la robe de votre vie.<\/p>\n                  <\/div>\n                <\/div>\n                <div data-colibri-id=\"5-c7\" class=\"h-text h-text-component style-1008 style-local-5-c7 position-relative h-element\">\n                  <!---->\n                  <!---->\n                  <div class=\"\">\n                    <p>Les robes \u00ab&nbsp;Made By Chlo\u00e9&nbsp;\u00bb sont des pi\u00e8ces uniques, enti\u00e8rement r\u00e9alis\u00e9es&nbsp;sur mesure par mes soins&nbsp;avec des mati\u00e8res de qualit\u00e9 s\u00e9lectionn\u00e9es dans le respect de l\u2019environnement.<\/p>\n                    <p>D\u00e9couvrez mes collections et laissez vous inspirer<\/p>\n                  <\/div>\n                <\/div>\n                <div data-colibri-id=\"5-c8\" class=\"h-x-container style-1009 style-local-5-c8 position-relative h-element\">\n                  <!---->\n                  <div class=\"h-x-container-inner style-dynamic-5-c8-group style-1009-spacing style-local-5-c8-spacing\"><span class=\"h-button__outer style-260-outer style-local-5-c9-outer d-inline-flex h-element\"><a h-use-smooth-scroll=\"true\" href=\"http:\/\/mbccouture.fr\/index.php\/les-collections\/\"  data-colibri-id=\"5-c9\" class=\"d-flex w-100 align-items-center h-button justify-content-lg-center justify-content-md-center justify-content-center style-260 style-local-5-c9 position-relative\"><!----><!----> <span>Voir toutes les collections<\/span><\/a>\n                    <\/span>\n                  <\/div>\n                <\/div>\n              <\/div>\n            <\/div>\n          <\/div>\n          <div class=\"h-column h-column-container d-flex h-col-lg-auto h-col-md-auto h-col-auto style-1011-outer style-local-5-c10-outer\">\n            <div data-colibri-id=\"5-c10\" class=\"d-flex h-flex-basis h-column__inner h-px-lg-2 h-px-md-2 h-px-2 v-inner-lg-2 v-inner-md-2 v-inner-2 style-1011 style-local-5-c10 position-relative\">\n              <!---->\n              <!---->\n              <div class=\"w-100 h-y-container h-column__content h-column__v-align flex-basis-100 align-self-lg-start align-self-md-start align-self-start\">\n                <!---->\n                <div data-colibri-id=\"5-c11\" class=\"h-multiple-image style-1012 style-local-5-c11 position-relative h-element\">\n                  <!---->\n                  <div class=\"position-relative\">\n                    <div class=\"h-multiple-image-inside-container\">\n                      <div class=\"ratio-inner\">\n                        <div data-colibri-id=\"5-c12\" class=\"d-block style-1013 style-local-5-c12 position-relative h-element\">\n                          <!---->\n                          <div class=\"h-image__frame-container-outer\">\n                            <div class=\"h-image__frame-container\">\n                              <!---->\n                              <!---->\n                              <img loading=\"lazy\" decoding=\"async\" width=\"1707\" height=\"2560\" src=\"https:\/\/mbccouture.fr\/wp-content\/uploads\/2020\/11\/galium15-scaled.jpg\" class=\"style-1012-images style-local-5-c11-images wp-image-4739 style-1013-image style-local-5-c12-image\" alt=\"\" srcset=\"https:\/\/mbccouture.fr\/wp-content\/uploads\/2020\/11\/galium15-scaled.jpg 1707w, https:\/\/mbccouture.fr\/wp-content\/uploads\/2020\/11\/galium15-200x300.jpg 200w, https:\/\/mbccouture.fr\/wp-content\/uploads\/2020\/11\/galium15-683x1024.jpg 683w, https:\/\/mbccouture.fr\/wp-content\/uploads\/2020\/11\/galium15-768x1152.jpg 768w, https:\/\/mbccouture.fr\/wp-content\/uploads\/2020\/11\/galium15-1024x1536.jpg 1024w, https:\/\/mbccouture.fr\/wp-content\/uploads\/2020\/11\/galium15-1365x2048.jpg 1365w\" sizes=\"auto, (max-width: 1707px) 100vw, 1707px\" \/>\n                              <div class=\"h-image__frame h-hide-lg h-hide-md h-hide-sm style-1013-frameImage style-local-5-c12-frameImage\"><\/div>\n                            <\/div>\n                          <\/div>\n                        <\/div>\n                        <div data-colibri-id=\"5-c13\" class=\"d-block style-1014 style-local-5-c13 position-relative h-element\">\n                          <!---->\n                          <div class=\"h-image__frame-container-outer\">\n                            <div class=\"h-image__frame-container\">\n                              <!---->\n                              <!---->\n                              <img loading=\"lazy\" decoding=\"async\" width=\"1707\" height=\"2560\" src=\"https:\/\/mbccouture.fr\/wp-content\/uploads\/2020\/11\/galium12-scaled.jpg\" class=\"style-1012-images style-local-5-c11-images wp-image-4738 style-1014-image style-local-5-c13-image\" alt=\"\" srcset=\"https:\/\/mbccouture.fr\/wp-content\/uploads\/2020\/11\/galium12-scaled.jpg 1707w, https:\/\/mbccouture.fr\/wp-content\/uploads\/2020\/11\/galium12-200x300.jpg 200w, https:\/\/mbccouture.fr\/wp-content\/uploads\/2020\/11\/galium12-683x1024.jpg 683w, https:\/\/mbccouture.fr\/wp-content\/uploads\/2020\/11\/galium12-768x1152.jpg 768w, https:\/\/mbccouture.fr\/wp-content\/uploads\/2020\/11\/galium12-1024x1536.jpg 1024w, https:\/\/mbccouture.fr\/wp-content\/uploads\/2020\/11\/galium12-1365x2048.jpg 1365w\" sizes=\"auto, (max-width: 1707px) 100vw, 1707px\" \/>\n                              <div class=\"h-image__frame h-hide-lg h-hide-md h-hide-sm style-1014-frameImage style-local-5-c13-frameImage\"><\/div>\n                            <\/div>\n                          <\/div>\n                        <\/div>\n                        <div data-colibri-id=\"5-c14\" class=\"d-block style-1015 style-local-5-c14 position-relative h-element\">\n                          <!---->\n                          <div class=\"h-image__frame-container-outer\">\n                            <div class=\"h-image__frame-container\">\n                              <!---->\n                              <!---->\n                              <img loading=\"lazy\" decoding=\"async\" width=\"1707\" height=\"2560\" src=\"https:\/\/mbccouture.fr\/wp-content\/uploads\/2020\/11\/opale15-scaled.jpg\" class=\"style-1012-images style-local-5-c11-images wp-image-4740 style-1015-image style-local-5-c14-image\" alt=\"\" srcset=\"https:\/\/mbccouture.fr\/wp-content\/uploads\/2020\/11\/opale15-scaled.jpg 1707w, https:\/\/mbccouture.fr\/wp-content\/uploads\/2020\/11\/opale15-200x300.jpg 200w, https:\/\/mbccouture.fr\/wp-content\/uploads\/2020\/11\/opale15-683x1024.jpg 683w, https:\/\/mbccouture.fr\/wp-content\/uploads\/2020\/11\/opale15-768x1152.jpg 768w, https:\/\/mbccouture.fr\/wp-content\/uploads\/2020\/11\/opale15-1024x1536.jpg 1024w, https:\/\/mbccouture.fr\/wp-content\/uploads\/2020\/11\/opale15-1365x2048.jpg 1365w\" sizes=\"auto, (max-width: 1707px) 100vw, 1707px\" \/>\n                              <div class=\"h-image__frame h-hide-lg h-hide-md h-hide-sm style-1015-frameImage style-local-5-c14-frameImage\"><\/div>\n                            <\/div>\n                          <\/div>\n                        <\/div>\n                      <\/div>\n                    <\/div>\n                  <\/div>\n                <\/div>\n              <\/div>\n            <\/div>\n          <\/div>\n        <\/div>\n      <\/div>\n    <\/div>\n  <\/div>\n<\/div>","protected":false},"excerpt":{"rendered":"<p>Les collections D\u00e9couvrez mes collections et \u00e9laborons ensemble, la robe de votre vie. Les robes \u00ab&nbsp;Made By Chlo\u00e9&nbsp;\u00bb sont des pi\u00e8ces uniques, enti\u00e8rement r\u00e9alis\u00e9es&nbsp;sur mesure par mes soins&nbsp;avec des mati\u00e8res de qualit\u00e9 s\u00e9lectionn\u00e9es dans le respect de l\u2019environnement. D\u00e9couvrez mes collections et laissez vous inspirer Voir toutes les collections<\/p>\n","protected":false},"author":1,"featured_media":0,"parent":0,"menu_order":0,"comment_status":"closed","ping_status":"closed","template":"page-templates\/homepage.php","meta":{"footnotes":""},"class_list":["post-5","page","type-page","status-publish","hentry"],"yoast_head":"<!-- This site is optimized with the Yoast SEO plugin v26.6 - https:\/\/yoast.com\/wordpress\/plugins\/seo\/ -->\n<title>Made by Chol\u00e9, la marque Lyonnaise de Robes de Mari\u00e9es<\/title>\n<meta name=\"description\" content=\"Made by Chol\u00e9, la marque lyonnaise de Robe de mari\u00e9e qui propose de cr\u00e9er \u00e0 la main, et en France, votre robe pour ce jour si particulier.\" \/>\n<meta name=\"robots\" content=\"index, follow, max-snippet:-1, max-image-preview:large, max-video-preview:-1\" \/>\n<link rel=\"canonical\" href=\"https:\/\/mbccouture.fr\/\" \/>\n<meta property=\"og:locale\" content=\"fr_FR\" \/>\n<meta property=\"og:type\" content=\"article\" \/>\n<meta property=\"og:title\" content=\"Made by Chol\u00e9, la marque Lyonnaise de Robes de Mari\u00e9es\" \/>\n<meta property=\"og:description\" content=\"Made by Chol\u00e9, la marque lyonnaise de Robe de mari\u00e9e qui propose de cr\u00e9er \u00e0 la main, et en France, votre robe pour ce jour si particulier.\" \/>\n<meta property=\"og:url\" content=\"https:\/\/mbccouture.fr\/\" \/>\n<meta property=\"og:site_name\" content=\"MBC-Couture\" \/>\n<meta property=\"article:modified_time\" content=\"2025-11-08T19:20:31+00:00\" \/>\n<meta property=\"og:image\" content=\"https:\/\/mbccouture.fr\/wp-content\/uploads\/2020\/11\/galium15-scaled.jpg\" \/>\n<meta name=\"twitter:card\" content=\"summary_large_image\" \/>\n<meta name=\"twitter:label1\" content=\"Dur\u00e9e de lecture estim\u00e9e\" \/>\n\t<meta name=\"twitter:data1\" content=\"1 minute\" \/>\n<script type=\"application\/ld+json\" class=\"yoast-schema-graph\">{\"@context\":\"https:\/\/schema.org\",\"@graph\":[{\"@type\":\"WebPage\",\"@id\":\"https:\/\/mbccouture.fr\/\",\"url\":\"https:\/\/mbccouture.fr\/\",\"name\":\"Made by Chol\u00e9, la marque Lyonnaise de Robes de Mari\u00e9es\",\"isPartOf\":{\"@id\":\"https:\/\/mbccouture.fr\/#website\"},\"primaryImageOfPage\":{\"@id\":\"https:\/\/mbccouture.fr\/#primaryimage\"},\"image\":{\"@id\":\"https:\/\/mbccouture.fr\/#primaryimage\"},\"thumbnailUrl\":\"https:\/\/mbccouture.fr\/wp-content\/uploads\/2020\/11\/galium15-scaled.jpg\",\"datePublished\":\"2019-03-06T11:56:40+00:00\",\"dateModified\":\"2025-11-08T19:20:31+00:00\",\"description\":\"Made by Chol\u00e9, la marque lyonnaise de Robe de mari\u00e9e qui propose de cr\u00e9er \u00e0 la main, et en France, votre robe pour ce jour si particulier.\",\"breadcrumb\":{\"@id\":\"https:\/\/mbccouture.fr\/#breadcrumb\"},\"inLanguage\":\"fr-FR\",\"potentialAction\":[{\"@type\":\"ReadAction\",\"target\":[\"https:\/\/mbccouture.fr\/\"]}]},{\"@type\":\"ImageObject\",\"inLanguage\":\"fr-FR\",\"@id\":\"https:\/\/mbccouture.fr\/#primaryimage\",\"url\":\"https:\/\/mbccouture.fr\/wp-content\/uploads\/2020\/11\/galium15-scaled.jpg\",\"contentUrl\":\"https:\/\/mbccouture.fr\/wp-content\/uploads\/2020\/11\/galium15-scaled.jpg\",\"width\":1707,\"height\":2560},{\"@type\":\"BreadcrumbList\",\"@id\":\"https:\/\/mbccouture.fr\/#breadcrumb\",\"itemListElement\":[{\"@type\":\"ListItem\",\"position\":1,\"name\":\"Accueil\",\"item\":\"https:\/\/mbccouture.fr\/\"},{\"@type\":\"ListItem\",\"position\":2,\"name\":\"Home page\"}]},{\"@type\":\"WebSite\",\"@id\":\"https:\/\/mbccouture.fr\/#website\",\"url\":\"https:\/\/mbccouture.fr\/\",\"name\":\"MBC-Couture\",\"description\":\"Couturi\u00e8re Cr\u00e9atrice de robes sur mesure haut de gamme\",\"publisher\":{\"@id\":\"https:\/\/mbccouture.fr\/#organization\"},\"potentialAction\":[{\"@type\":\"SearchAction\",\"target\":{\"@type\":\"EntryPoint\",\"urlTemplate\":\"https:\/\/mbccouture.fr\/?s={search_term_string}\"},\"query-input\":{\"@type\":\"PropertyValueSpecification\",\"valueRequired\":true,\"valueName\":\"search_term_string\"}}],\"inLanguage\":\"fr-FR\"},{\"@type\":\"Organization\",\"@id\":\"https:\/\/mbccouture.fr\/#organization\",\"name\":\"MBC-Couture\",\"url\":\"https:\/\/mbccouture.fr\/\",\"logo\":{\"@type\":\"ImageObject\",\"inLanguage\":\"fr-FR\",\"@id\":\"https:\/\/mbccouture.fr\/#\/schema\/logo\/image\/\",\"url\":\"https:\/\/mbccouture.fr\/wp-content\/uploads\/2020\/03\/cropped-cropped-Logo-Seul-Noir-1.png\",\"contentUrl\":\"https:\/\/mbccouture.fr\/wp-content\/uploads\/2020\/03\/cropped-cropped-Logo-Seul-Noir-1.png\",\"width\":512,\"height\":151,\"caption\":\"MBC-Couture\"},\"image\":{\"@id\":\"https:\/\/mbccouture.fr\/#\/schema\/logo\/image\/\"}}]}<\/script>\n<!-- \/ Yoast SEO plugin. -->","yoast_head_json":{"title":"Made by Chol\u00e9, la marque Lyonnaise de Robes de Mari\u00e9es","description":"Made by Chol\u00e9, la marque lyonnaise de Robe de mari\u00e9e qui propose de cr\u00e9er \u00e0 la main, et en France, votre robe pour ce jour si particulier.","robots":{"index":"index","follow":"follow","max-snippet":"max-snippet:-1","max-image-preview":"max-image-preview:large","max-video-preview":"max-video-preview:-1"},"canonical":"https:\/\/mbccouture.fr\/","og_locale":"fr_FR","og_type":"article","og_title":"Made by Chol\u00e9, la marque Lyonnaise de Robes de Mari\u00e9es","og_description":"Made by Chol\u00e9, la marque lyonnaise de Robe de mari\u00e9e qui propose de cr\u00e9er \u00e0 la main, et en France, votre robe pour ce jour si particulier.","og_url":"https:\/\/mbccouture.fr\/","og_site_name":"MBC-Couture","article_modified_time":"2025-11-08T19:20:31+00:00","og_image":[{"url":"https:\/\/mbccouture.fr\/wp-content\/uploads\/2020\/11\/galium15-scaled.jpg","type":"","width":"","height":""}],"twitter_card":"summary_large_image","twitter_misc":{"Dur\u00e9e de lecture estim\u00e9e":"1 minute"},"schema":{"@context":"https:\/\/schema.org","@graph":[{"@type":"WebPage","@id":"https:\/\/mbccouture.fr\/","url":"https:\/\/mbccouture.fr\/","name":"Made by Chol\u00e9, la marque Lyonnaise de Robes de Mari\u00e9es","isPartOf":{"@id":"https:\/\/mbccouture.fr\/#website"},"primaryImageOfPage":{"@id":"https:\/\/mbccouture.fr\/#primaryimage"},"image":{"@id":"https:\/\/mbccouture.fr\/#primaryimage"},"thumbnailUrl":"https:\/\/mbccouture.fr\/wp-content\/uploads\/2020\/11\/galium15-scaled.jpg","datePublished":"2019-03-06T11:56:40+00:00","dateModified":"2025-11-08T19:20:31+00:00","description":"Made by Chol\u00e9, la marque lyonnaise de Robe de mari\u00e9e qui propose de cr\u00e9er \u00e0 la main, et en France, votre robe pour ce jour si particulier.","breadcrumb":{"@id":"https:\/\/mbccouture.fr\/#breadcrumb"},"inLanguage":"fr-FR","potentialAction":[{"@type":"ReadAction","target":["https:\/\/mbccouture.fr\/"]}]},{"@type":"ImageObject","inLanguage":"fr-FR","@id":"https:\/\/mbccouture.fr\/#primaryimage","url":"https:\/\/mbccouture.fr\/wp-content\/uploads\/2020\/11\/galium15-scaled.jpg","contentUrl":"https:\/\/mbccouture.fr\/wp-content\/uploads\/2020\/11\/galium15-scaled.jpg","width":1707,"height":2560},{"@type":"BreadcrumbList","@id":"https:\/\/mbccouture.fr\/#breadcrumb","itemListElement":[{"@type":"ListItem","position":1,"name":"Accueil","item":"https:\/\/mbccouture.fr\/"},{"@type":"ListItem","position":2,"name":"Home page"}]},{"@type":"WebSite","@id":"https:\/\/mbccouture.fr\/#website","url":"https:\/\/mbccouture.fr\/","name":"MBC-Couture","description":"Couturi\u00e8re Cr\u00e9atrice de robes sur mesure haut de gamme","publisher":{"@id":"https:\/\/mbccouture.fr\/#organization"},"potentialAction":[{"@type":"SearchAction","target":{"@type":"EntryPoint","urlTemplate":"https:\/\/mbccouture.fr\/?s={search_term_string}"},"query-input":{"@type":"PropertyValueSpecification","valueRequired":true,"valueName":"search_term_string"}}],"inLanguage":"fr-FR"},{"@type":"Organization","@id":"https:\/\/mbccouture.fr\/#organization","name":"MBC-Couture","url":"https:\/\/mbccouture.fr\/","logo":{"@type":"ImageObject","inLanguage":"fr-FR","@id":"https:\/\/mbccouture.fr\/#\/schema\/logo\/image\/","url":"https:\/\/mbccouture.fr\/wp-content\/uploads\/2020\/03\/cropped-cropped-Logo-Seul-Noir-1.png","contentUrl":"https:\/\/mbccouture.fr\/wp-content\/uploads\/2020\/03\/cropped-cropped-Logo-Seul-Noir-1.png","width":512,"height":151,"caption":"MBC-Couture"},"image":{"@id":"https:\/\/mbccouture.fr\/#\/schema\/logo\/image\/"}}]}},"_links":{"self":[{"href":"https:\/\/mbccouture.fr\/index.php\/wp-json\/wp\/v2\/pages\/5","targetHints":{"allow":["GET"]}}],"collection":[{"href":"https:\/\/mbccouture.fr\/index.php\/wp-json\/wp\/v2\/pages"}],"about":[{"href":"https:\/\/mbccouture.fr\/index.php\/wp-json\/wp\/v2\/types\/page"}],"author":[{"embeddable":true,"href":"https:\/\/mbccouture.fr\/index.php\/wp-json\/wp\/v2\/users\/1"}],"replies":[{"embeddable":true,"href":"https:\/\/mbccouture.fr\/index.php\/wp-json\/wp\/v2\/comments?post=5"}],"version-history":[{"count":20,"href":"https:\/\/mbccouture.fr\/index.php\/wp-json\/wp\/v2\/pages\/5\/revisions"}],"predecessor-version":[{"id":6653,"href":"https:\/\/mbccouture.fr\/index.php\/wp-json\/wp\/v2\/pages\/5\/revisions\/6653"}],"wp:attachment":[{"href":"https:\/\/mbccouture.fr\/index.php\/wp-json\/wp\/v2\/media?parent=5"}],"curies":[{"name":"wp","href":"https:\/\/api.w.org\/{rel}","templated":true}]}}